{"id":199,"date":"2025-11-19T08:35:08","date_gmt":"2025-11-19T08:35:08","guid":{"rendered":"https:\/\/fundacioferrersocialjustice.org\/?page_id=199"},"modified":"2025-12-05T09:24:07","modified_gmt":"2025-12-05T09:24:07","slug":"politica-de-cookies","status":"publish","type":"page","link":"https:\/\/fundacioferrersocialjustice.org\/es\/politica-de-cookies\/","title":{"rendered":"Pol\u00edtica de Cookies"},"content":{"rendered":"<p class=\"translation-block\">A fin de dar cumplimiento a lo dispuesto en el art\u00edculo 22 de la Ley 34\/2002, de 11 de julio, de servicios de la sociedad de la informaci\u00f3n y de comercio electr\u00f3nico, as\u00ed como al Reglamento (UE) 679\/2016 de 27 de abril de 2016 relativo a la protecci\u00f3n de las personas f\u00edsicas en lo que respecta al tratamiento de datos personales y a la libre circulaci\u00f3n de estos datos y la Ley Org\u00e1nica 3\/2018, de 5 de diciembre, de protecci\u00f3n de datos personales y garant\u00eda de derechos digitales, FUNDACI\u00d3 FERRER SOCIAL JUSTICE, con NIF G67568147 y domicilio en Av. Diagonal 549, 5\u00aa planta, 08029, Barcelona (Espa\u00f1a) (en adelante referido como \u201cFundaci\u00f3 Ferrer\u201d) le informa que nuestro Sitio Web www.fundacioferrersocialjustice.org (en adelante, el \u201cSitio Web\u201d) utiliza cookies y\/o tecnolog\u00edas similares.<\/p>\n\n\n\n<p>La presente pol\u00edtica tiene por finalidad informar al usuario, de forma clara y completa, sobre el funcionamiento y finalidad de las&nbsp;<em>cookies<\/em>&nbsp;y tecnolog\u00edas similares que se pueden instalar en su dispositivo a lo largo de su navegaci\u00f3n por el Sitio Web.<\/p>\n\n\n\n<p class=\"translation-block\">Al hacer clic en \u201cPermitir todas las cookies\u201d o \u201cPermitir la selecci\u00f3n\u201c, el Usuario manifiesta su consentimiento para:<\/p>\n\n\n\n<ol start=\"1\" class=\"wp-block-list\">\n<li class=\"translation-block\">La instalaci\u00f3n de cookies y\/o tecnolog\u00edas similares en el dispositivo utilizadas para acceder y navegar a trav\u00e9s del Sitio Web (por ejemplo, navegadores de ordenadores, tel\u00e9fonos m\u00f3viles o tablets);<\/li>\n\n\n\n<li class=\"translation-block\">La utilizaci\u00f3n de cookies y\/o tecnolog\u00edas similares que hace el Sitio Web seg\u00fan la tipolog\u00eda de las mismas descrita a continuaci\u00f3n;<\/li>\n\n\n\n<li class=\"translation-block\">La obtenci\u00f3n, a trav\u00e9s de cookies o tecnolog\u00edas similares, y el tratamiento de los datos de personales del Usuario con las finalidades descritas en esta Pol\u00edtica de Cookies.<\/li>\n<\/ol>\n\n\n\n<p class=\"translation-block\">Al hacer clic en \u201cConfigurar\u201d, el Usuario puede seleccionar qu\u00e9 cookies ser\u00e1n instaladas y utilizadas durante su navegaci\u00f3n por el Sitio Web con la posibilidad de rechazar todas aquellas que no sean estrictamente necesarias para que Fundaci\u00f3 Ferrer puede llevar a cabo el servicio requerido por el Usuario y no tengan como \u00fanica finalidad transmitir una comunicaci\u00f3n a trav\u00e9s de una red de comunicaciones electr\u00f3nicas.<\/p>\n\n\n\n<p><strong>1. \u00bfQu\u00e9 es una cookie?<\/strong><\/p>\n\n\n\n<p class=\"translation-block\">Las cookies son ficheros que almacenan y recuperan informaci\u00f3n sobre los h\u00e1bitos de navegaci\u00f3n del usuario. La informaci\u00f3n que se obtiene est\u00e1 relacionada, por ejemplo, con el n\u00famero de nuevos usuarios, la frecuencia y reincidencia de las visitas, el tiempo que dura la misma, el navegador o el equipo desde el que se realiza la visita o se ejecuta la aplicaci\u00f3n.<\/p>\n\n\n\n<p><strong>2. Tipolog\u00edas de cookies<\/strong><\/p>\n\n\n\n<p class=\"translation-block\">Dependiendo de la funci\u00f3n y finalidad de las cookies, existen varios tipos de cookies:<\/p>\n\n\n\n<p class=\"translation-block\">a) Seg\u00fan la entidad que las gestione:<\/p>\n\n\n\n<p class=\"translation-block\"><strong>\u2013&nbsp;<em>Cookies<\/em>&nbsp;pr\u00f2pies:<\/strong>&nbsp;s\u00f3n aquelles que s\u2019envien a l\u2019equip terminal de l\u2019usuari des d\u2019un equip o domini gestionat per l\u2019editor mateix, \u00e9s a dir, Fundaci\u00f3 Ferrer en aquest cas; i des del qual es presta el servei sol\u00b7licitat per l\u2019usuari.<\/p>\n\n\n\n<p class=\"translation-block\">\u2013 Cookies de terceros: Son aquellas que se env\u00edan al equipo terminal del usuario desde un equipo o dominio que no es gestionado por el editor, sino por otra entidad que trata los datos obtenidos a trav\u00e9s de las cookies.<\/p>\n\n\n\n<p class=\"translation-block\">b) Seg\u00fan su finalidad:<\/p>\n\n\n\n<p class=\"translation-block\"><strong>\u2013&nbsp;<em>Cookies<\/em>&nbsp;estrictament necess\u00e0ries:<\/strong>&nbsp;s\u00f3n aquelles necess\u00e0ries perqu\u00e8 el lloc web funcioni i no es poden desactivar en els sistemes de l\u2019editor. Usualment estan configurades per respondre a accions fetes per l\u2019usuari per rebre serveis, com ara ajustar les seves prefer\u00e8ncies de privacitat, iniciar la sessi\u00f3 o omplir formularis. L\u2019usuari pot configurar el seu navegador per bloquejar la pres\u00e8ncia d\u2019aquestes&nbsp;<em>cookies<\/em>&nbsp;o alertar-ne, per\u00f2 algunes parts del lloc web no funcionaran.<\/p>\n\n\n\n<p class=\"translation-block\">\u2013 Cookies de rendimiento: Son aquellas que permiten contar las visitas y fuentes de circulaci\u00f3n para poder medir y mejorar el desempe\u00f1o del Sitio Web. Ayudan al editor a saber qu\u00e9 p\u00e1ginas son las m\u00e1s o menos populares, y ver cu\u00e1ntas personas visitan el sitio. Toda la informaci\u00f3n que recogen estas cookies es agregada y, por lo tanto, an\u00f3nima. Si el usuario no permite estas cookies no sabremos cu\u00e1ndo visit\u00f3 el Sitio Web.<\/p>\n\n\n\n<p class=\"translation-block\">\u2013 Cookies de funcionalidad: Son aquellas que permiten que el sitio web ofrezca una mejor funcionalidad y personalizaci\u00f3n. Pueden ser establecidas por el editor o por terceras partes cuyos servicios se han agregado al Sitio Web. Si el usuario no permite estas cookies algunos servicios no funcionar\u00e1n correctamente.<\/p>\n\n\n\n<p class=\"translation-block\">\u2013 Cookies dirigidas: Son aquellas cookies que pueden estar en todo el Sitio Web y son colocadas por terceros que las pueden utilizar para crear un perfil de los intereses del usuario y mostrarle anuncios relevantes en otros sitios web. No almacenan informaci\u00f3n personal directamente, sino que se basan en la identificaci\u00f3n \u00fanica del navegador y dispositivo de acceso a Internet. Si el usuario no permite estas cookies, tendr\u00e1 menos publicidad dirigida.<\/p>\n\n\n\n<p class=\"translation-block\">\u2013 Cookies de redes sociales: Son aquellas configuradas por una serie de servicios de redes sociales que se agregan al sitio web para permitir al usuario compartir el contenido con sus amigos y redes. Estas cookies pueden hacerle seguimiento al navegador a trav\u00e9s de otros sitios y crear un perfil de los intereses del usuario. Esto podr\u00e1 modificar el contenido y los mensajes que encuentra el usuario en otros sitios web que visita. Si el usuario no permite estas cookies no podr\u00e1 ver o usar estas herramientas para compartir.<\/p>\n\n\n\n<p class=\"translation-block\">c) Seg\u00fan el plazo de tiempo que permanecen activadas:<\/p>\n\n\n\n<p class=\"translation-block\">\u2013 Cookies de sesi\u00f3n: Son aquellas dise\u00f1adas para recabar y almacenar datos mientras el usuario accede al Sitio Web. Se suelen emplear para almacenar informaci\u00f3n que solo interesa conservar para la prestaci\u00f3n del servicio solicitado por el usuario en una sola ocasi\u00f3n (por ejemplo, una lista de productos adquiridos) y desaparecen al terminar la sesi\u00f3n.<\/p>\n\n\n\n<p class=\"translation-block\">\u2013 Cookies persistentes: Son aquellas en las que los datos siguen almacenados en el terminal y pueden ser accedidos y tratados durante un periodo definido por el responsable de la cookie, y que puede ir de unos minutos a varios a\u00f1os.<\/p>\n\n\n\n<p><strong>3. \u00bfQu\u00e9 tipos de cookies utiliza este Sitio Web?<\/strong><\/p>\n\n\n\n<p class=\"translation-block\">Cookies propias:<\/p>\n\n\n\n<p>\u2022 Fundaci\u00f3 Ferrer Social Justice<br>\u2022 T\u00e9cnicas<br>\u2022 Necesarias para la funcionalidad y navegabilidad de la misma, as\u00ed como la utilizaci\u00f3n de sus diferentes opciones o servicios.<\/p>\n\n\n\n<p class=\"translation-block\">Cookies de terceros:<\/p>\n\n\n\n<p>\u2022 Google Analytics<br>\u2022 Anal\u00edticas<br>\u2022 El Sitio Web utiliza Google Analytics, un servicio anal\u00edtico web prestado por Google, Inc. (en adelante, \u201cGoogle\u201d), una empresa ubicada en los Estados Unidos. Por tanto, los datos recogidos y tratados por Google Analytics (incluyendo la direcci\u00f3n IP del Usuario) podr\u00e1n ser transferidos a Estados Unidos y almacenados en los servidores de Google ubicados en dicho pa\u00eds.<br>\u2022 Por medio de las&nbsp;<em>cookies<\/em>&nbsp;de Google Analytics, Fundaci\u00f3 Ferrer analiza la interacci\u00f3n del Usuario con el Sitio Web, hace seguimiento de los h\u00e1bitos de navegaci\u00f3n del mismo dentro de la misma, recoge datos de su actividad para que Fundaci\u00f3 Ferrer pueda medir el rendimiento de \u00e9sta.<br>\u2022 Por otro lado, el Usuario puede desactivar Google Analytics mediante la instalaci\u00f3n de un complemento de inhabilitaci\u00f3n. El Usuario puede obtener m\u00e1s informaci\u00f3n sobre dicho complemento en&nbsp;<a href=\"https:\/\/fundacioferrergreenforgood.org\/tools.google.com\/dlpage\/gaoptout?hl=es\">https:\/tools.google.com\/dlpage\/gaoptout?hl=es<br><\/a><a href=\"https:\/\/developers.google.com\/analytics\/devguides\/collection\/analyticsjs\/cookie-usage?hl=es\">https:\/\/developers.google.com\/analytics\/devguides\/collection\/analyticsjs\/cookie-usage?hl=es<\/a><\/p>\n\n\n\n<p><strong>4. \u00bfC\u00f3mo puedo bloquear o eliminar las cookies?<\/strong><\/p>\n\n\n\n<p class=\"translation-block\">El usuario ha podido aceptar o determinar qu\u00e9 cookies quiere que sean instaladas y utilizadas al hacer clic en las opciones \u201cAceptar\u201d o \u201cConfigurar\u201d de la informaci\u00f3n sobre cookies que se ha mostrado en una primera capa.<\/p>\n\n\n\n<p class=\"translation-block\">Adem\u00e1s, el usuario tiene la opci\u00f3n de permitir, bloquear o eliminar las cookies instaladas en su dispositivo mediante la configuraci\u00f3n de las opciones del navegador utilizado durante su navegaci\u00f3n.<\/p>\n\n\n\n<p class=\"translation-block\">A fin de ayudar al Usuario en esta tarea, le facilitamos los enlaces de los principales navegadores donde podr\u00e1 encontrar informaci\u00f3n sobre el uso de cookies y c\u00f3mo bloquearlas o eliminarlas.<\/p>\n\n\n\n<p><strong>NAVEGADORES EN PC<\/strong><\/p>\n\n\n\n<p>Firefox:&nbsp;<a href=\"https:\/\/support.mozilla.org\/es\/kb\/habilitar-y-deshabilitar-cookies-que-los-sitios-we\">https:\/\/support.mozilla.org\/es\/kb\/habilitar-y-deshabilitar-cookies-que-los-sitios-we<\/a><\/p>\n\n\n\n<p>Chrome:&nbsp;<a href=\"https:\/\/support.google.com\/chrome\/answer\/95647?hl=es\">https:\/\/support.google.com\/chrome\/answer\/95647?hl=es<\/a><\/p>\n\n\n\n<p>Explorer:&nbsp;<a href=\"https:\/\/support.microsoft.com\/es-es\/help\/17442\/windows-internet-explorer-delete-manage-cookies\">https:\/\/support.microsoft.com\/es-es\/help\/17442\/windows-internet-explorer-delete-manage-cookies<\/a><\/p>\n\n\n\n<p>Edge:&nbsp;<a href=\"https:\/\/support.microsoft.com\/es-es\/help\/17442\/windows-internet-explorer-delete-manage-cookies\">https:\/\/support.microsoft.com\/es-es\/help\/17442\/windows-internet-explorer-delete-manage-cookies<\/a><\/p>\n\n\n\n<p>Safari:&nbsp;<a href=\"https:\/\/support.apple.com\/kb\/PH19214?locale=es_ES&amp;viewlocale=es_ES\">https:\/\/support.apple.com\/kb\/PH19214?locale=es_ES&amp;viewlocale=es_ES<\/a><\/p>\n\n\n\n<p>Opera:&nbsp;<a href=\"http:\/\/help.opera.com\/Windows\/11.50\/es-ES\/cookies.html\">http:\/\/help.opera.com\/Windows\/11.50\/es-ES\/cookies.html<\/a><\/p>\n\n\n\n<p><strong>NAVEGADORES EN DISPOSITIVOS M\u00d3VIL<\/strong><\/p>\n\n\n\n<p class=\"translation-block\">IOS: El Usuario puede obtener informaci\u00f3n sobre c\u00f3mo bloquear el uso de cookies y eliminarlas en:<\/p>\n\n\n\n<ul class=\"wp-block-list\">\n<li>Opera:&nbsp;<a href=\"http:\/\/www.opera.com\/es-419\/help\/mini\/ios\">http:\/\/www.opera.com\/es-419\/help\/mini\/ios<\/a><\/li>\n\n\n\n<li>Safari:&nbsp;<a href=\"https:\/\/support.apple.com\/es-es\/HT201265\">https:\/\/support.apple.com\/es-es\/HT201265<\/a><\/li>\n\n\n\n<li>Google Chrome:&nbsp;<a href=\"https:\/\/support.google.com\/chrome\/answer\/2392709?hl=es\">https:\/\/support.google.com\/chrome\/answer\/2392709?hl=es<\/a><\/li>\n<\/ul>\n\n\n\n<p class=\"translation-block\">El Usuario puede obtener informaci\u00f3n sobre c\u00f3mo bloquear el uso de cookies y eliminarlas en:<\/p>\n\n\n\n<ul class=\"wp-block-list\">\n<li>Mozilla Firefox:&nbsp;<a href=\"https:\/\/support.mozilla.org\/es\/kb\/habilitar-o-deshabilitar-cookies-en-firefox-para-android\">https:\/\/support.mozilla.org\/es\/kb\/habilitar-o-deshabilitar-cookies-en-firefox-para-android<\/a><\/li>\n\n\n\n<li>Google Chrome:&nbsp;<a href=\"https:\/\/support.google.com\/chrome\/answer\/2392709?hl=es\">https:\/\/support.google.com\/chrome\/answer\/2392709?hl=es<\/a><\/li>\n\n\n\n<li>Windows Phone 7: El Usuario puede obtener informaci\u00f3n sobre c\u00f3mo bloquear el uso de cookies y eliminarlas en:&nbsp;<a href=\"https:\/\/support.microsoft.com\/es-es\/help\/11696\/windows-phone-7\">https:\/\/support.microsoft.com\/es-es\/help\/11696\/windows-phone-7<\/a><\/li>\n<\/ul>\n\n\n\n<p class=\"translation-block\">Se informa al usuario que bloquear o eliminar las cookies t\u00e9cnicas utilizadas por Fundaci\u00f3 Ferrer puede afectar a la plena funcionalidad del Sitio Web, haciendo que algunos servicios o funciones no est\u00e9n disponibles.<\/p>\n\n\n\n<p><strong>5. Actualizaci\u00f3n<\/strong><\/p>\n\n\n\n<p class=\"translation-block\">Esta pol\u00edtica de cookies puede estar sujeta a cambios. En consecuencia, recomendamos al usuario revisar esta pol\u00edtica cada vez que acceda a nuestro Sitio Web para estar informado sobre eventuales cambios en la misma, que le ser\u00edan aplicables.<\/p>\n\n\n\n<p class=\"translation-block\">Para el resto de informaci\u00f3n relacionada con el tratamiento de sus datos personales incluyendo el ejercicio de sus derechos como interesado, puede consultar nuestra pol\u00edtica de privacidad o contactar con nosotros a trav\u00e9s del correo electr\u00f3nico  lopd@fundacionsferrer.org.<\/p>\n\n\n\n<p>\u00daltima versi\u00f3n: Noviembre de 2025<\/p>","protected":false},"excerpt":{"rendered":"<p>Per tal de donar compliment al que disposa l\u2019article 22 de la Llei 34\/2002, d\u201911 de juliol, de serveis de la societat de la informaci\u00f3 i de comer\u00e7 electr\u00f2nic, aix\u00ed com el Reglament (UE) 679\/2016, de 27 d\u2019abril, relatiu a la protecci\u00f3 de les persones f\u00edsiques pel que fa al tractament de dades personals i [&hellip;]<\/p>\n","protected":false},"author":1,"featured_media":0,"parent":0,"menu_order":0,"comment_status":"closed","ping_status":"closed","template":"","meta":{"_acf_changed":false,"footnotes":""},"class_list":["post-199","page","type-page","status-publish","hentry"],"acf":[],"yoast_head":"<!-- This site is optimized with the Yoast SEO plugin v27.3 - https:\/\/yoast.com\/product\/yoast-seo-wordpress\/ -->\n<title>Pol\u00edtica de Cookies - Fundaci\u00f3 Ferrer<\/title>\n<meta name=\"robots\" content=\"index, follow, max-snippet:-1, max-image-preview:large, max-video-preview:-1\" \/>\n<link rel=\"canonical\" href=\"https:\/\/fundacioferrersocialjustice.org\/es\/politica-de-cookies\/\" \/>\n<meta property=\"og:locale\" content=\"es_ES\" \/>\n<meta property=\"og:type\" content=\"article\" \/>\n<meta property=\"og:title\" content=\"Pol\u00edtica de Cookies - Fundaci\u00f3 Ferrer\" \/>\n<meta property=\"og:description\" content=\"Per tal de donar compliment al que disposa l\u2019article 22 de la Llei 34\/2002, d\u201911 de juliol, de serveis de la societat de la informaci\u00f3 i de comer\u00e7 electr\u00f2nic, aix\u00ed com el Reglament (UE) 679\/2016, de 27 d\u2019abril, relatiu a la protecci\u00f3 de les persones f\u00edsiques pel que fa al tractament de dades personals i [&hellip;]\" \/>\n<meta property=\"og:url\" content=\"https:\/\/fundacioferrersocialjustice.org\/es\/politica-de-cookies\/\" \/>\n<meta property=\"og:site_name\" content=\"Fundaci\u00f3 Ferrer\" \/>\n<meta property=\"article:modified_time\" content=\"2025-12-05T09:24:07+00:00\" \/>\n<meta property=\"og:image\" content=\"https:\/\/fundacioferrersocialjustice.org\/wp-content\/uploads\/2026\/04\/Logo-Fundacio-Ferrer-Social-Justice.png\" \/>\n\t<meta property=\"og:image:width\" content=\"633\" \/>\n\t<meta property=\"og:image:height\" content=\"578\" \/>\n\t<meta property=\"og:image:type\" content=\"image\/png\" \/>\n<meta name=\"twitter:card\" content=\"summary_large_image\" \/>\n<meta name=\"twitter:label1\" content=\"Tiempo de lectura\" \/>\n\t<meta name=\"twitter:data1\" content=\"9 minutos\" \/>\n<script type=\"application\/ld+json\" class=\"yoast-schema-graph\">{\"@context\":\"https:\\\/\\\/schema.org\",\"@graph\":[{\"@type\":\"WebPage\",\"@id\":\"https:\\\/\\\/fundacioferrersocialjustice.org\\\/politica-de-cookies\\\/\",\"url\":\"https:\\\/\\\/fundacioferrersocialjustice.org\\\/politica-de-cookies\\\/\",\"name\":\"Pol\u00edtica de Cookies - Fundaci\u00f3 Ferrer\",\"isPartOf\":{\"@id\":\"https:\\\/\\\/fundacioferrersocialjustice.org\\\/#website\"},\"datePublished\":\"2025-11-19T08:35:08+00:00\",\"dateModified\":\"2025-12-05T09:24:07+00:00\",\"breadcrumb\":{\"@id\":\"https:\\\/\\\/fundacioferrersocialjustice.org\\\/politica-de-cookies\\\/#breadcrumb\"},\"inLanguage\":\"es\",\"potentialAction\":[{\"@type\":\"ReadAction\",\"target\":[\"https:\\\/\\\/fundacioferrersocialjustice.org\\\/politica-de-cookies\\\/\"]}]},{\"@type\":\"BreadcrumbList\",\"@id\":\"https:\\\/\\\/fundacioferrersocialjustice.org\\\/politica-de-cookies\\\/#breadcrumb\",\"itemListElement\":[{\"@type\":\"ListItem\",\"position\":1,\"name\":\"Inici\",\"item\":\"https:\\\/\\\/fundacioferrersocialjustice.org\\\/\"},{\"@type\":\"ListItem\",\"position\":2,\"name\":\"Pol\u00edtica de Cookies\"}]},{\"@type\":\"WebSite\",\"@id\":\"https:\\\/\\\/fundacioferrersocialjustice.org\\\/#website\",\"url\":\"https:\\\/\\\/fundacioferrersocialjustice.org\\\/\",\"name\":\"Fundaci\u00f3 Ferrer Social Justice\",\"description\":\"Social Justice\",\"publisher\":{\"@id\":\"https:\\\/\\\/fundacioferrersocialjustice.org\\\/#organization\"},\"potentialAction\":[{\"@type\":\"SearchAction\",\"target\":{\"@type\":\"EntryPoint\",\"urlTemplate\":\"https:\\\/\\\/fundacioferrersocialjustice.org\\\/?s={search_term_string}\"},\"query-input\":{\"@type\":\"PropertyValueSpecification\",\"valueRequired\":true,\"valueName\":\"search_term_string\"}}],\"inLanguage\":\"es\"},{\"@type\":\"Organization\",\"@id\":\"https:\\\/\\\/fundacioferrersocialjustice.org\\\/#organization\",\"name\":\"Fundaci\u00f3 Ferrer Social Justice\",\"url\":\"https:\\\/\\\/fundacioferrersocialjustice.org\\\/\",\"logo\":{\"@type\":\"ImageObject\",\"inLanguage\":\"es\",\"@id\":\"https:\\\/\\\/fundacioferrersocialjustice.org\\\/#\\\/schema\\\/logo\\\/image\\\/\",\"url\":\"https:\\\/\\\/fundacioferrersocialjustice.org\\\/wp-content\\\/uploads\\\/2026\\\/04\\\/Logo-Fundacio-Ferrer-Social-Justice.png\",\"contentUrl\":\"https:\\\/\\\/fundacioferrersocialjustice.org\\\/wp-content\\\/uploads\\\/2026\\\/04\\\/Logo-Fundacio-Ferrer-Social-Justice.png\",\"width\":633,\"height\":578,\"caption\":\"Fundaci\u00f3 Ferrer Social Justice\"},\"image\":{\"@id\":\"https:\\\/\\\/fundacioferrersocialjustice.org\\\/#\\\/schema\\\/logo\\\/image\\\/\"},\"sameAs\":[\"https:\\\/\\\/www.instagram.com\\\/ffsocialjustice\\\/\",\"https:\\\/\\\/www.linkedin.com\\\/company\\\/fundacions-ferrer\\\/\"]}]}<\/script>\n<!-- \/ Yoast SEO plugin. -->","yoast_head_json":{"title":"Pol\u00edtica de Cookies - Fundaci\u00f3 Ferrer","robots":{"index":"index","follow":"follow","max-snippet":"max-snippet:-1","max-image-preview":"max-image-preview:large","max-video-preview":"max-video-preview:-1"},"canonical":"https:\/\/fundacioferrersocialjustice.org\/es\/politica-de-cookies\/","og_locale":"es_ES","og_type":"article","og_title":"Pol\u00edtica de Cookies - Fundaci\u00f3 Ferrer","og_description":"Per tal de donar compliment al que disposa l\u2019article 22 de la Llei 34\/2002, d\u201911 de juliol, de serveis de la societat de la informaci\u00f3 i de comer\u00e7 electr\u00f2nic, aix\u00ed com el Reglament (UE) 679\/2016, de 27 d\u2019abril, relatiu a la protecci\u00f3 de les persones f\u00edsiques pel que fa al tractament de dades personals i [&hellip;]","og_url":"https:\/\/fundacioferrersocialjustice.org\/es\/politica-de-cookies\/","og_site_name":"Fundaci\u00f3 Ferrer","article_modified_time":"2025-12-05T09:24:07+00:00","og_image":[{"width":633,"height":578,"url":"https:\/\/fundacioferrersocialjustice.org\/wp-content\/uploads\/2026\/04\/Logo-Fundacio-Ferrer-Social-Justice.png","type":"image\/png"}],"twitter_card":"summary_large_image","twitter_misc":{"Tiempo de lectura":"9 minutos"},"schema":{"@context":"https:\/\/schema.org","@graph":[{"@type":"WebPage","@id":"https:\/\/fundacioferrersocialjustice.org\/politica-de-cookies\/","url":"https:\/\/fundacioferrersocialjustice.org\/politica-de-cookies\/","name":"Pol\u00edtica de Cookies - Fundaci\u00f3 Ferrer","isPartOf":{"@id":"https:\/\/fundacioferrersocialjustice.org\/#website"},"datePublished":"2025-11-19T08:35:08+00:00","dateModified":"2025-12-05T09:24:07+00:00","breadcrumb":{"@id":"https:\/\/fundacioferrersocialjustice.org\/politica-de-cookies\/#breadcrumb"},"inLanguage":"es","potentialAction":[{"@type":"ReadAction","target":["https:\/\/fundacioferrersocialjustice.org\/politica-de-cookies\/"]}]},{"@type":"BreadcrumbList","@id":"https:\/\/fundacioferrersocialjustice.org\/politica-de-cookies\/#breadcrumb","itemListElement":[{"@type":"ListItem","position":1,"name":"Inici","item":"https:\/\/fundacioferrersocialjustice.org\/"},{"@type":"ListItem","position":2,"name":"Pol\u00edtica de Cookies"}]},{"@type":"WebSite","@id":"https:\/\/fundacioferrersocialjustice.org\/#website","url":"https:\/\/fundacioferrersocialjustice.org\/","name":"Fundaci\u00f3 Ferrer Social Justice","description":"Social Justice","publisher":{"@id":"https:\/\/fundacioferrersocialjustice.org\/#organization"},"potentialAction":[{"@type":"SearchAction","target":{"@type":"EntryPoint","urlTemplate":"https:\/\/fundacioferrersocialjustice.org\/?s={search_term_string}"},"query-input":{"@type":"PropertyValueSpecification","valueRequired":true,"valueName":"search_term_string"}}],"inLanguage":"es"},{"@type":"Organization","@id":"https:\/\/fundacioferrersocialjustice.org\/#organization","name":"Fundaci\u00f3 Ferrer Social Justice","url":"https:\/\/fundacioferrersocialjustice.org\/","logo":{"@type":"ImageObject","inLanguage":"es","@id":"https:\/\/fundacioferrersocialjustice.org\/#\/schema\/logo\/image\/","url":"https:\/\/fundacioferrersocialjustice.org\/wp-content\/uploads\/2026\/04\/Logo-Fundacio-Ferrer-Social-Justice.png","contentUrl":"https:\/\/fundacioferrersocialjustice.org\/wp-content\/uploads\/2026\/04\/Logo-Fundacio-Ferrer-Social-Justice.png","width":633,"height":578,"caption":"Fundaci\u00f3 Ferrer Social Justice"},"image":{"@id":"https:\/\/fundacioferrersocialjustice.org\/#\/schema\/logo\/image\/"},"sameAs":["https:\/\/www.instagram.com\/ffsocialjustice\/","https:\/\/www.linkedin.com\/company\/fundacions-ferrer\/"]}]}},"_links":{"self":[{"href":"https:\/\/fundacioferrersocialjustice.org\/es\/wp-json\/wp\/v2\/pages\/199","targetHints":{"allow":["GET"]}}],"collection":[{"href":"https:\/\/fundacioferrersocialjustice.org\/es\/wp-json\/wp\/v2\/pages"}],"about":[{"href":"https:\/\/fundacioferrersocialjustice.org\/es\/wp-json\/wp\/v2\/types\/page"}],"author":[{"embeddable":true,"href":"https:\/\/fundacioferrersocialjustice.org\/es\/wp-json\/wp\/v2\/users\/1"}],"replies":[{"embeddable":true,"href":"https:\/\/fundacioferrersocialjustice.org\/es\/wp-json\/wp\/v2\/comments?post=199"}],"version-history":[{"count":9,"href":"https:\/\/fundacioferrersocialjustice.org\/es\/wp-json\/wp\/v2\/pages\/199\/revisions"}],"predecessor-version":[{"id":356,"href":"https:\/\/fundacioferrersocialjustice.org\/es\/wp-json\/wp\/v2\/pages\/199\/revisions\/356"}],"wp:attachment":[{"href":"https:\/\/fundacioferrersocialjustice.org\/es\/wp-json\/wp\/v2\/media?parent=199"}],"curies":[{"name":"wp","href":"https:\/\/api.w.org\/{rel}","templated":true}]}}